{"id":90,"date":"2017-01-02T21:26:38","date_gmt":"2017-01-02T20:26:38","guid":{"rendered":"http:\/\/sudolux.be\/?page_id=90"},"modified":"2026-04-29T11:05:30","modified_gmt":"2026-04-29T09:05:30","slug":"accueil","status":"publish","type":"page","link":"https:\/\/sudolux.be\/","title":{"rendered":"Accueil"},"content":{"rendered":"<h2><img loading=\"lazy\" decoding=\"async\" class=\"wp-image-15 alignnone\" src=\"https:\/\/sudolux.be\/wp-content\/uploads\/2016\/12\/balise-300x300.jpg\" alt=\"\" width=\"54\" height=\"54\" srcset=\"https:\/\/sudolux.be\/wp-content\/uploads\/2016\/12\/balise-300x300.jpg 300w, https:\/\/sudolux.be\/wp-content\/uploads\/2016\/12\/balise-150x150.jpg 150w, https:\/\/sudolux.be\/wp-content\/uploads\/2016\/12\/balise-100x100.jpg 100w, https:\/\/sudolux.be\/wp-content\/uploads\/2016\/12\/balise.jpg 303w\" sizes=\"auto, (max-width: 54px) 100vw, 54px\" \/> <strong><span style=\"color: #008000;\">L&rsquo; Orientation en Sud Luxembourg.\u00a0 <img loading=\"lazy\" decoding=\"async\" class=\"alignnone  wp-image-109\" src=\"https:\/\/sudolux.be\/wp-content\/uploads\/2017\/01\/boussole-silva-ranger-300x212.jpg\" alt=\"\" width=\"96\" height=\"68\" srcset=\"https:\/\/sudolux.be\/wp-content\/uploads\/2017\/01\/boussole-silva-ranger-300x212.jpg 300w, https:\/\/sudolux.be\/wp-content\/uploads\/2017\/01\/boussole-silva-ranger-768x543.jpg 768w, https:\/\/sudolux.be\/wp-content\/uploads\/2017\/01\/boussole-silva-ranger-1024x724.jpg 1024w, https:\/\/sudolux.be\/wp-content\/uploads\/2017\/01\/boussole-silva-ranger-212x150.jpg 212w, https:\/\/sudolux.be\/wp-content\/uploads\/2017\/01\/boussole-silva-ranger-150x106.jpg 150w\" sizes=\"auto, (max-width: 96px) 100vw, 96px\" \/><img loading=\"lazy\" decoding=\"async\" class=\"alignnone  wp-image-744\" src=\"https:\/\/sudolux.be\/wp-content\/uploads\/2021\/12\/carte-IOF-exemple-bis-300x55.jpg\" alt=\"\" width=\"492\" height=\"90\" srcset=\"https:\/\/sudolux.be\/wp-content\/uploads\/2021\/12\/carte-IOF-exemple-bis-300x55.jpg 300w, https:\/\/sudolux.be\/wp-content\/uploads\/2021\/12\/carte-IOF-exemple-bis-1024x186.jpg 1024w, https:\/\/sudolux.be\/wp-content\/uploads\/2021\/12\/carte-IOF-exemple-bis-768x140.jpg 768w, https:\/\/sudolux.be\/wp-content\/uploads\/2021\/12\/carte-IOF-exemple-bis-1536x279.jpg 1536w, https:\/\/sudolux.be\/wp-content\/uploads\/2021\/12\/carte-IOF-exemple-bis-2048x372.jpg 2048w, https:\/\/sudolux.be\/wp-content\/uploads\/2021\/12\/carte-IOF-exemple-bis-250x45.jpg 250w, https:\/\/sudolux.be\/wp-content\/uploads\/2021\/12\/carte-IOF-exemple-bis-150x27.jpg 150w\" sizes=\"auto, (max-width: 492px) 100vw, 492px\" \/> \u00a0 <img loading=\"lazy\" decoding=\"async\" class=\"alignnone size-full wp-image-668\" src=\"https:\/\/sudolux.be\/wp-content\/uploads\/2021\/09\/LOGO-cornes-petit.jpg\" alt=\"\" width=\"150\" height=\"95\" \/><br \/><\/span><\/strong><\/h2>\n<table border=\"4\">\n<tbody>\n<tr>\n<td>\n<h3><img loading=\"lazy\" decoding=\"async\" class=\"wp-image-15 alignnone\" src=\"https:\/\/sudolux.be\/wp-content\/uploads\/2016\/12\/balise-300x300.jpg\" alt=\"\" width=\"44\" height=\"44\" srcset=\"https:\/\/sudolux.be\/wp-content\/uploads\/2016\/12\/balise-300x300.jpg 300w, https:\/\/sudolux.be\/wp-content\/uploads\/2016\/12\/balise-150x150.jpg 150w, https:\/\/sudolux.be\/wp-content\/uploads\/2016\/12\/balise-100x100.jpg 100w, https:\/\/sudolux.be\/wp-content\/uploads\/2016\/12\/balise.jpg 303w\" sizes=\"auto, (max-width: 44px) 100vw, 44px\" \/><\/h3>\n<ul>\n<li>\u00a0<span style=\"text-decoration: underline;\"><span style=\"text-decoration: underline;\"><strong><span style=\"color: #ff0000; text-decoration: underline;\">Prochaines activit\u00e9s club 2026<\/span><\/strong><\/span><\/span><\/li>\n<li>\u00a0<\/li>\n<li><span style=\"color: #ff0000;\">25 avril 2026<\/span> : <strong>O2 Lux#7<\/strong> &#8211; Vlessart, for\u00eat d&rsquo;Anlier &#8211; <a href=\"https:\/\/helga-o.com\/webres\/index.php?lauf=6667&amp;lang=\" target=\"_blank\" rel=\"noopener\">r\u00e9sultats<\/a><\/li>\n<li>\u00a0 \u00a0 \u00a0 \u00a0 \u00a0 \u00a0 \u00a0 \u00a0 \u00a0 \u00a0 \u00a0 \u00a0 \u00a0 \u00a0 \u00a0 \u00a0 \u00a0 \u00a0 \u00a0 \u00a0 \u00a0 \u00a0 \u00a0 \u00a0 \u00a0 \u00a0 \u00a0 \u00a0 \u00a0 \u00a0 \u00a0+ <strong>Assembl\u00e9e G\u00e9n\u00e9rale<\/strong> apr\u00e8s la course<\/li>\n<li><span style=\"color: #ff0000;\">19-20-21 juin<\/span> : <strong>3 Jours O2Lux<\/strong> &#8211; for\u00eat d&rsquo;Anlier &#8211; Vlessart &#8211; <a href=\"https:\/\/www.opunch.org\/event\/3675\" target=\"_blank\" rel=\"noopener\">https:\/\/www.opunch.org\/event\/3675<\/a><\/li>\n<li><span style=\"color: #ff0000;\">12 juillet<\/span> : <strong>O2Lux#11<\/strong> &#8211;\u00a0 \u2013 <a href=\"https:\/\/www.opunch.org\/event\/3777\">https:\/\/www.opunch.org\/event\/3777<\/a><\/li>\n<li><span style=\"color: #ff0000;\">19 septembre<\/span><strong> : O2LUX #14<\/strong> \u2013 Zigomars Virton \u2013 <a href=\"https:\/\/www.opunch.org\/event\/3778\">https:\/\/www.opunch.org\/event\/3778<\/a><\/li>\n<li><span style=\"color: #ff0000;\">Automne<\/span> : <strong>stage annuel<\/strong> &#8211; date et lieu \u00e0 d\u00e9finir<\/li>\n<li><span style=\"color: #ff0000;\"><strong>07<\/strong> novembre<\/span> : <strong>championnat<\/strong> de club + <strong>10 ans<\/strong> du SudOLux !!<\/li>\n<li><span style=\"color: #ff0000;\">12 d\u00e9cembre<\/span><strong> : O2LUX #18<\/strong>&#8211; Virton <strong><em>City<\/em><\/strong> \u2013 <a href=\"https:\/\/www.opunch.org\/event\/2671\">https:\/\/www.opunch.org\/event\/2671<\/a><\/li>\n<li>\n<p><span style=\"color: #ff0000;\"><strong>En d\u00e9cembre 2026, SudOLux f\u00eatera ses 10 ans d&rsquo;existence !!<\/strong><\/span>\u00a0 \u00a0 \u00a0\u00a0<\/p>\n<\/li>\n<\/ul>\n<p>&nbsp;<\/p>\n<ul>\n<li style=\"list-style-type: none;\">\n<ul>\n<li>\n<h3><strong><a href=\"https:\/\/o2lux.org\" target=\"_blank\" rel=\"noopener\"><img loading=\"lazy\" decoding=\"async\" class=\"wp-image-1238 alignleft\" src=\"https:\/\/sudolux.be\/wp-content\/uploads\/2023\/12\/Logo-O2Lux-definitif-292x300.jpg\" alt=\"\" width=\"99\" height=\"102\" srcset=\"https:\/\/sudolux.be\/wp-content\/uploads\/2023\/12\/Logo-O2Lux-definitif-292x300.jpg 292w, https:\/\/sudolux.be\/wp-content\/uploads\/2023\/12\/Logo-O2Lux-definitif-995x1024.jpg 995w, https:\/\/sudolux.be\/wp-content\/uploads\/2023\/12\/Logo-O2Lux-definitif-768x790.jpg 768w, https:\/\/sudolux.be\/wp-content\/uploads\/2023\/12\/Logo-O2Lux-definitif-146x150.jpg 146w, https:\/\/sudolux.be\/wp-content\/uploads\/2023\/12\/Logo-O2Lux-definitif.jpg 1236w\" sizes=\"auto, (max-width: 99px) 100vw, 99px\" \/><\/a><\/strong><\/h3>\n<p>&nbsp;<\/p>\n<\/li>\n<\/ul>\n<p><em><strong>O2LUX &#8211; Orientation aux 2 Luxembourg<\/strong> (Province et Grand Duch\u00e9). Une association de 4 clubs (SudOLux, Balise10, ASUB et LuxOC) avec un calendrier d&rsquo;\u00e9preuves locales sur un format simple et didactique.<br \/><strong>Saison 3<\/strong> : calendrier 2026 et infos sur\u00a0<\/em> <a href=\"https:\/\/o2lux.org\" target=\"_blank\" rel=\"noopener\">https:\/\/o2lux.org<\/a><\/p>\n<\/li>\n<li>\u00a0<\/li>\n<\/ul>\n<p><img loading=\"lazy\" decoding=\"async\" class=\"wp-image-15 alignnone\" src=\"https:\/\/sudolux.be\/wp-content\/uploads\/2016\/12\/balise-300x300.jpg\" alt=\"\" width=\"44\" height=\"44\" srcset=\"https:\/\/sudolux.be\/wp-content\/uploads\/2016\/12\/balise-300x300.jpg 300w, https:\/\/sudolux.be\/wp-content\/uploads\/2016\/12\/balise-150x150.jpg 150w, https:\/\/sudolux.be\/wp-content\/uploads\/2016\/12\/balise-100x100.jpg 100w, https:\/\/sudolux.be\/wp-content\/uploads\/2016\/12\/balise.jpg 303w\" sizes=\"auto, (max-width: 44px) 100vw, 44px\" \/><span style=\"color: #ff0000;\"><strong>Derni\u00e8res activit\u00e9s<\/strong><\/span> \u00a0<\/p>\n<p>\u00a0<em><strong>Retrouvez nos activit\u00e9s sur la <a href=\"https:\/\/sudolux.be\/index.php\/activites\/\">page d\u00e9di\u00e9e<\/a><\/strong><\/em><\/p>\n<\/td>\n<\/tr>\n<\/tbody>\n<\/table>\n<p>&nbsp;<\/p>\n<p style=\"text-align: center;\"><em>F<\/em><em>ond\u00e9 sur les traditions du BABA et du CLOChiny, <span style=\"color: #008000;\"><strong><br \/><\/strong><\/span><span style=\"color: #008000;\"><strong>SUD O LUX,\u00a0 <span style=\"color: #000000;\">voit officiellement<\/span><\/strong><\/span> <strong>le jour<\/strong> le dimanche 18 d\u00e9cembre 2016.<\/em><\/p>\n<p style=\"text-align: center;\"><img loading=\"lazy\" decoding=\"async\" class=\"alignnone size-medium wp-image-656\" src=\"https:\/\/sudolux.be\/wp-content\/uploads\/2021\/09\/LOGO-cornes-Copie-300x190.jpg\" alt=\"\" width=\"300\" height=\"190\" srcset=\"https:\/\/sudolux.be\/wp-content\/uploads\/2021\/09\/LOGO-cornes-Copie-300x190.jpg 300w, https:\/\/sudolux.be\/wp-content\/uploads\/2021\/09\/LOGO-cornes-Copie-237x150.jpg 237w, https:\/\/sudolux.be\/wp-content\/uploads\/2021\/09\/LOGO-cornes-Copie-150x95.jpg 150w, https:\/\/sudolux.be\/wp-content\/uploads\/2021\/09\/LOGO-cornes-Copie.jpg 600w\" sizes=\"auto, (max-width: 300px) 100vw, 300px\" \/><br \/><em>Sous l&rsquo;\u00e9gide et reconnu par la F\u00e9d\u00e9ration R\u00e9gionale des Sports d&rsquo;Orientation.<\/em><\/p>\n<h3><img loading=\"lazy\" decoding=\"async\" class=\"size-full wp-image-757 aligncenter\" src=\"https:\/\/sudolux.be\/wp-content\/uploads\/2022\/02\/logo-FRSO.jpg\" alt=\"\" width=\"155\" height=\"56\" srcset=\"https:\/\/sudolux.be\/wp-content\/uploads\/2022\/02\/logo-FRSO.jpg 155w, https:\/\/sudolux.be\/wp-content\/uploads\/2022\/02\/logo-FRSO-150x54.jpg 150w\" sizes=\"auto, (max-width: 155px) 100vw, 155px\" \/><\/h3>\n\n<div class=\"wp-block-image is-resized\">\n<figure class=\"aligncenter size-large\"><img loading=\"lazy\" decoding=\"async\" width=\"683\" height=\"1024\" src=\"https:\/\/sudolux.be\/wp-content\/uploads\/2023\/09\/6215-683x1024.jpg\" alt=\"\" class=\"wp-image-1113\" srcset=\"https:\/\/sudolux.be\/wp-content\/uploads\/2023\/09\/6215-683x1024.jpg 683w, https:\/\/sudolux.be\/wp-content\/uploads\/2023\/09\/6215-200x300.jpg 200w, https:\/\/sudolux.be\/wp-content\/uploads\/2023\/09\/6215-768x1152.jpg 768w, https:\/\/sudolux.be\/wp-content\/uploads\/2023\/09\/6215-100x150.jpg 100w, https:\/\/sudolux.be\/wp-content\/uploads\/2023\/09\/6215.jpg 1000w\" sizes=\"auto, (max-width: 683px) 100vw, 683px\" \/><\/figure><\/div>","protected":false},"excerpt":{"rendered":"<p>L&rsquo; Orientation en Sud Luxembourg.\u00a0 \u00a0 \u00a0Prochaines activit\u00e9s club 2026 \u00a0 25 avril 2026 : O2 Lux#7 &#8211; Vlessart, for\u00eat d&rsquo;Anlier &#8211; r\u00e9sultats \u00a0 \u00a0 \u00a0 \u00a0 \u00a0 \u00a0 \u00a0 \u00a0 \u00a0 \u00a0 \u00a0 \u00a0 \u00a0 \u00a0 \u00a0 \u00a0 \u00a0 \u00a0 \u00a0 \u00a0 \u00a0 \u00a0 \u00a0 \u00a0 \u00a0 \u00a0 \u00a0&#8230; <a class=\"continue-reading-link\" href=\"https:\/\/sudolux.be\/\"> Continue reading <span class=\"meta-nav\">&rarr; <\/span><\/a><\/p>\n","protected":false},"author":1,"featured_media":0,"parent":0,"menu_order":0,"comment_status":"closed","ping_status":"closed","template":"","meta":{"footnotes":""},"class_list":["post-90","page","type-page","status-publish","hentry"],"_links":{"self":[{"href":"https:\/\/sudolux.be\/index.php\/wp-json\/wp\/v2\/pages\/90","targetHints":{"allow":["GET"]}}],"collection":[{"href":"https:\/\/sudolux.be\/index.php\/wp-json\/wp\/v2\/pages"}],"about":[{"href":"https:\/\/sudolux.be\/index.php\/wp-json\/wp\/v2\/types\/page"}],"author":[{"embeddable":true,"href":"https:\/\/sudolux.be\/index.php\/wp-json\/wp\/v2\/users\/1"}],"replies":[{"embeddable":true,"href":"https:\/\/sudolux.be\/index.php\/wp-json\/wp\/v2\/comments?post=90"}],"version-history":[{"count":219,"href":"https:\/\/sudolux.be\/index.php\/wp-json\/wp\/v2\/pages\/90\/revisions"}],"predecessor-version":[{"id":1794,"href":"https:\/\/sudolux.be\/index.php\/wp-json\/wp\/v2\/pages\/90\/revisions\/1794"}],"wp:attachment":[{"href":"https:\/\/sudolux.be\/index.php\/wp-json\/wp\/v2\/media?parent=90"}],"curies":[{"name":"wp","href":"https:\/\/api.w.org\/{rel}","templated":true}]}}