{"id":42,"date":"2017-01-02T16:04:02","date_gmt":"2017-01-02T15:04:02","guid":{"rendered":"http:\/\/sudolux.be\/?page_id=42"},"modified":"2026-02-17T11:43:07","modified_gmt":"2026-02-17T10:43:07","slug":"contact","status":"publish","type":"page","link":"https:\/\/sudolux.be\/index.php\/contact\/","title":{"rendered":"Contact"},"content":{"rendered":"<h2><span style=\"color: #008000;\"><em><strong>Coordonn\u00e9es du Conseil d\u2019Administration \u00ab Sud O Lux \u00bb<\/strong><\/em><\/span><\/h2>\n<p><strong><span style=\"text-decoration: underline;\"><em>Si\u00e8ge social<\/em><\/span> : Sud O Lux ASBL, Rue de la Ducasse 14 , 6860 Vlessart &#8211;<br \/>\nN\u00b0 BE 0893.644.469<\/strong><\/p>\n<p><strong>Pr\u00e9sidente<\/strong> : Val\u00e9rie VIS CASTAGNE &#8211; 0474-388 056<br \/>\n<strong>Secr\u00e9taire<\/strong> : Vivien THIRY &#8211; 0497 823 219- <strong><a href=\"mailto:secretariat@sudolux.be\">secretariat@sudolux.be<\/a><\/strong><br \/>\n<strong>Tr\u00e9sorier<\/strong> : Bernard RONGVAUX &#8211; 0473 999 446 &#8211; <a href=\"mailto:bernard.rongvaux@skynet.be\">bernard.rongvaux@skynet.be<\/a><br \/>\nMembres :<br \/>\nDEBEHOGNE Jean-No\u00ebl &#8211; 0495 117 937<br \/>\nVIS Iwan &#8211; 0475 283 752<br \/>\nDAUNE S\u00e9bastien<br \/>\nDEPAUE marc<\/p>\n<p>&nbsp;<\/p>\n<p><img loading=\"lazy\" decoding=\"async\" class=\"size-medium wp-image-656 aligncenter\" src=\"https:\/\/sudolux.be\/wp-content\/uploads\/2021\/09\/LOGO-cornes-Copie-300x190.jpg\" alt=\"\" width=\"300\" height=\"190\" srcset=\"https:\/\/sudolux.be\/wp-content\/uploads\/2021\/09\/LOGO-cornes-Copie-300x190.jpg 300w, https:\/\/sudolux.be\/wp-content\/uploads\/2021\/09\/LOGO-cornes-Copie-237x150.jpg 237w, https:\/\/sudolux.be\/wp-content\/uploads\/2021\/09\/LOGO-cornes-Copie-150x95.jpg 150w, https:\/\/sudolux.be\/wp-content\/uploads\/2021\/09\/LOGO-cornes-Copie.jpg 600w\" sizes=\"auto, (max-width: 300px) 100vw, 300px\" \/><\/p>\n<table style=\"height: 12px;\" border=\"0\" summary=\"\" width=\"5\">\n<tbody>\n<tr>\n<td width=\"200\"><\/td>\n<td width=\"150\"><\/td>\n<td width=\"200\"><\/td>\n<\/tr>\n<tr>\n<td><\/td>\n<td><\/td>\n<td><\/td>\n<\/tr>\n<tr>\n<td><\/td>\n<td>\n<table style=\"height: 12px;\" border=\"0\" summary=\"\" width=\"5\">\n<tbody>\n<tr>\n<td><\/td>\n<\/tr>\n<\/tbody>\n<\/table>\n<\/td>\n<td><\/td>\n<\/tr>\n<tr>\n<td><\/td>\n<td><\/td>\n<td><\/td>\n<\/tr>\n<tr>\n<td><\/td>\n<td><\/td>\n<td><\/td>\n<\/tr>\n<tr>\n<td><\/td>\n<td><\/td>\n<td><\/td>\n<\/tr>\n<tr>\n<td><\/td>\n<td><\/td>\n<td><\/td>\n<\/tr>\n<tr>\n<td>\n<table style=\"height: 12px;\" border=\"0\" summary=\"\" width=\"5\">\n<tbody>\n<tr>\n<td width=\"150\"><\/td>\n<\/tr>\n<\/tbody>\n<\/table>\n<\/td>\n<td><\/td>\n<td><\/td>\n<\/tr>\n<\/tbody>\n<\/table>\n<p>&nbsp;<\/p>\n","protected":false},"excerpt":{"rendered":"<p>Coordonn\u00e9es du Conseil d\u2019Administration \u00ab Sud O Lux \u00bb Si\u00e8ge social : Sud O Lux ASBL, Rue de la Ducasse 14 , 6860 Vlessart &#8211; N\u00b0 BE 0893.644.469 Pr\u00e9sidente : Val\u00e9rie VIS CASTAGNE &#8211; 0474-388 056 Secr\u00e9taire : Vivien THIRY &#8211; 0497 823 219- secretariat@sudolux.be Tr\u00e9sorier : Bernard RONGVAUX &#8211;&#8230; <a class=\"continue-reading-link\" href=\"https:\/\/sudolux.be\/index.php\/contact\/\"> Continue reading <span class=\"meta-nav\">&rarr; <\/span><\/a><\/p>\n","protected":false},"author":1,"featured_media":0,"parent":0,"menu_order":0,"comment_status":"closed","ping_status":"closed","template":"","meta":{"footnotes":""},"class_list":["post-42","page","type-page","status-publish","hentry"],"_links":{"self":[{"href":"https:\/\/sudolux.be\/index.php\/wp-json\/wp\/v2\/pages\/42","targetHints":{"allow":["GET"]}}],"collection":[{"href":"https:\/\/sudolux.be\/index.php\/wp-json\/wp\/v2\/pages"}],"about":[{"href":"https:\/\/sudolux.be\/index.php\/wp-json\/wp\/v2\/types\/page"}],"author":[{"embeddable":true,"href":"https:\/\/sudolux.be\/index.php\/wp-json\/wp\/v2\/users\/1"}],"replies":[{"embeddable":true,"href":"https:\/\/sudolux.be\/index.php\/wp-json\/wp\/v2\/comments?post=42"}],"version-history":[{"count":30,"href":"https:\/\/sudolux.be\/index.php\/wp-json\/wp\/v2\/pages\/42\/revisions"}],"predecessor-version":[{"id":1738,"href":"https:\/\/sudolux.be\/index.php\/wp-json\/wp\/v2\/pages\/42\/revisions\/1738"}],"wp:attachment":[{"href":"https:\/\/sudolux.be\/index.php\/wp-json\/wp\/v2\/media?parent=42"}],"curies":[{"name":"wp","href":"https:\/\/api.w.org\/{rel}","templated":true}]}}