{"id":40,"date":"2017-01-02T16:04:01","date_gmt":"2017-01-02T15:04:01","guid":{"rendered":"http:\/\/sudolux.be\/?page_id=40"},"modified":"2026-01-09T16:23:34","modified_gmt":"2026-01-09T15:23:34","slug":"affiliation","status":"publish","type":"page","link":"https:\/\/sudolux.be\/index.php\/affiliation\/","title":{"rendered":"Affiliation"},"content":{"rendered":"<h1><span style=\"color: #008000;\"><strong><em><span style=\"color: #008000;\">Affiliations au Sud O Lux :<\/span><\/em><br \/><\/strong><\/span><\/h1>\n<ul>\n<li><strong>pour adh\u00e9rer au Sud O Lux<\/strong>, il convient de compl\u00e9ter et signer une carte d\u2019affiliation qui peut \u00eatre t\u00e9l\u00e9charg\u00e9e ici\u00a0 <a href=\"https:\/\/sudolux.be\/wp-content\/uploads\/2023\/09\/Fiche-Affiliation-2024-Trame-mise-a-jour.xlsx\"><em>CarteAffiliationSudOLux-xlsx\u00a0<\/em><\/a><em> et la transmettre au secr\u00e9tariat <a href=\"mailto:vivien@vthiry.be\">vivien@vthiry.be<\/a><\/em><\/li>\n<\/ul>\n<ul>\n<li><em><span style=\"text-decoration: underline;\"><strong>Remarque importante<\/strong><\/span><\/em> : on ne peut \u00eatre affili\u00e9 que dans un seul club de l\u2019ABSO-BVOS (FRSO ou VVO).<br \/>Si des affili\u00e9s actuels dans un club FRSO-VVO qui habitent la r\u00e9gion du Sud Luxembourg ou du Grand Duch\u00e9 souhaitent rejoindre\u00a0 \u00ab\u00a0Sud O Lux\u00a0\u00bb, il est indispensable de demander \u00e0 votre club actuel votre d\u00e9saffiliation.<\/li>\n<\/ul>\n<ul>\n<li><strong>le montant de la cotisation annuelle:\u00a0<\/strong> <br \/>&#8211; nouvel adh\u00e9rent : <strong>30\u20ac<\/strong> adulte &#8211; <strong>20\u20ac<\/strong> moins de 18 ans , la premi\u00e8re ann\u00e9e <br \/>&#8211; renouvellement : <strong>40<\/strong><em><strong> \u20ac<\/strong><\/em> pour les adultes, 3<strong>0 <\/strong><strong>\u20ac<\/strong> moins de 18 ans, \u00e0 verser sur le compte\u00a0 <span style=\"color: #008000;\"><span style=\"color: #008000;\"><span style=\"color: #008000;\">BE84 0015 4163 6659 <span style=\"color: #000000;\">&#8211;\u00a0 de Sud O Lux ASBL<\/span>. <em>(la cotisation comprend : 30\u20ac de cotisation \u00e0 la FRSO + 6,25\u20ac assurance, le reste au club)<\/em><\/span><\/span><\/span>\n<p>&nbsp;<\/p>\n<\/li>\n<li><strong>avantages : les membres en ordre de cotisation<\/strong>\u00a0 b\u00e9n\u00e9ficient des \u00e9l\u00e9ments suivants :<br \/>&#8211; affiliation \u00e0 la FRSO (avantages r\u00e9serv\u00e9s aux affili\u00e9s (stages FRSO, etc\u2026) )<br \/>&#8211; assurance FRSO en cas d\u2019accident sportif dans le cadre des activit\u00e9s SUD O LUX et FRSO<br \/>&#8211; gratuit\u00e9 aux entrainements et O2Lux Sud O Lux<br \/>&#8211; gratuit\u00e9 lors des Challenges, relais, etc\u2026<br \/>&#8211; prise en charge de 50 % du droit d\u2019inscription aux comp\u00e9titions du calendrier FRSO n\u00e9cessitant une inscription pr\u00e9alable, via le SudOLux ET sous r\u00e9serve de participation effective<br \/><em><span style=\"color: #008000;\">\u00a0\u00a0\u00a0\u00a0\u00a0\u00a0\u00a0\u00a0\u00a0\u00a0\u00a0\u00a0\u00a0\u00a0\u00a0\u00a0\u00a0 plus de d\u00e9tails<\/span><\/em>\u00a0 : <a href=\"https:\/\/sudolux.be\/wp-content\/uploads\/2023\/09\/Intervention-du-club-Sud-O-Lux-pour-ses-membres.pdf\">Intervention du club Sud O Lux pour ses membres<\/a><br \/>&#8211; actuellement, la plupart des mutuelles remboursent une cotisation dans un club sportif : contactez le secr\u00e9tariat\u00a0 si vous souhaitez b\u00e9n\u00e9ficier de cette possibilit\u00e9.<\/li>\n<li><strong><strong>Certificat m\u00e9dical :<br \/>&#8211; <span style=\"color: #ff0000;\"><span style=\"text-decoration: underline;\">Depuis d\u00e9cembre 2021, <\/span><\/span><\/strong><\/strong><span style=\"color: #ff0000;\">une <strong>attestation sur l\u2019honneur<\/strong> remplace le certificat m\u00e9dical annuel pour acc\u00e9der au statut d\u2019affili\u00e9 \u201c<span style=\"text-decoration: underline;\">comp\u00e9titeur<\/span>\u201d.<br \/>!!!! Pour tous les comp\u00e9titeurs qui se <strong>d\u00e9placent en France<\/strong>, ils leur faudra encore le <em><strong>Certificat M\u00e9dical<\/strong><\/em> de l&rsquo;ann\u00e9e !!!!<\/span> (<em>t\u00e9l\u00e9charger le<\/em> <a href=\"https:\/\/sudolux.be\/wp-content\/uploads\/2025\/01\/CM2025-CompatibleFFCO.pdf\" target=\"_blank\" rel=\"noopener\">certificat m\u00e9dical<\/a>)<br \/>Vous trouverez ici le document \u201c<span style=\"text-decoration: underline;\"><em><strong>attestation sur l\u2019honneur<\/strong><\/em><\/span>\u201d \u00e0 t\u00e9l\u00e9charger : <a href=\"https:\/\/sudolux.be\/wp-content\/uploads\/2025\/01\/AttestationHonneur-FRSO-2025.pdf\" target=\"_blank\" rel=\"noopener\"><span style=\"text-decoration: underline;\">PDF<\/span><\/a>,\u00a0 qui peut donc remplacer le certificat m\u00e9dical et qui doit \u00eatre <strong>envoy\u00e9 et conserv\u00e9 chez le \u00a0secr\u00e9taire du club<\/strong><strong> Vivien THIRY (<span style=\"text-decoration: underline;\"><a href=\"mailto:vivien@vthiry.be\">vivien@vthiry.be<\/a><\/span> )<\/strong><strong><br \/>Vous pouvez \u00e9galement le t\u00e9l\u00e9verser vous-m\u00eames sur <a href=\"https:\/\/www.opunch.org\/\" target=\"_blank\" rel=\"noopener\">O&rsquo;Punch<\/a> (connexion &#8211;&gt; profil &#8211;&gt; certificats)<br \/><\/strong>Nous devrons quand m\u00eame sp\u00e9cifier dans la base de donn\u00e9es Comp\u00e9titeur ou Loisir. Donc continuez \u00e0 signaler si vous d\u00e9sirez \u00eatre en <strong>Comp\u00e9titeur ou en Loisir<\/strong>.<br \/><span style=\"color: #ff0000;\"><span style=\"color: #ff0000;\"><br \/><\/span><\/span>-Pour les affili\u00e9s \u00ab <em><strong>LOISIR<\/strong> <\/em>\u00bb, sans participation \u00e0 des \u00e9preuves chronom\u00e9tr\u00e9es, ce certificat m\u00e9dical n\u2019est pas n\u00e9cessaire.<\/li>\n<\/ul>\n<p><em>En aucun cas, l\u2019engagement dans le \u00ab\u00a0Sud O Lux\u00a0\u00bb ne sous-entend une obligation \u00e0 \u0153uvrer activement au sein du club : tout le monde y aura sa place : de simples consommateurs et des gens qui s\u2019engageront librement et volontairement dans la gestion ou l\u2019animation du club, sans aucune contrainte impos\u00e9e.<\/em><\/p>\n<p><img loading=\"lazy\" decoding=\"async\" class=\" wp-image-926 aligncenter\" src=\"https:\/\/sudolux.be\/wp-content\/uploads\/2022\/12\/316953064_1424632978066355_3745766565209971951_n-300x168.jpg\" alt=\"\" width=\"387\" height=\"217\" srcset=\"https:\/\/sudolux.be\/wp-content\/uploads\/2022\/12\/316953064_1424632978066355_3745766565209971951_n-300x168.jpg 300w, https:\/\/sudolux.be\/wp-content\/uploads\/2022\/12\/316953064_1424632978066355_3745766565209971951_n-1024x575.jpg 1024w, https:\/\/sudolux.be\/wp-content\/uploads\/2022\/12\/316953064_1424632978066355_3745766565209971951_n-768x431.jpg 768w, https:\/\/sudolux.be\/wp-content\/uploads\/2022\/12\/316953064_1424632978066355_3745766565209971951_n-250x140.jpg 250w, https:\/\/sudolux.be\/wp-content\/uploads\/2022\/12\/316953064_1424632978066355_3745766565209971951_n-150x84.jpg 150w, https:\/\/sudolux.be\/wp-content\/uploads\/2022\/12\/316953064_1424632978066355_3745766565209971951_n.jpg 1500w\" sizes=\"auto, (max-width: 387px) 100vw, 387px\" \/><\/p>\n\n\n<p><\/p>\n","protected":false},"excerpt":{"rendered":"<p>Affiliations au Sud O Lux : pour adh\u00e9rer au Sud O Lux, il convient de compl\u00e9ter et signer une carte d\u2019affiliation qui peut \u00eatre t\u00e9l\u00e9charg\u00e9e ici\u00a0 CarteAffiliationSudOLux-xlsx\u00a0 et la transmettre au secr\u00e9tariat vivien@vthiry.be Remarque importante : on ne peut \u00eatre affili\u00e9 que dans un seul club de l\u2019ABSO-BVOS (FRSO ou&#8230; <a class=\"continue-reading-link\" href=\"https:\/\/sudolux.be\/index.php\/affiliation\/\"> Continue reading <span class=\"meta-nav\">&rarr; <\/span><\/a><\/p>\n","protected":false},"author":1,"featured_media":0,"parent":0,"menu_order":0,"comment_status":"closed","ping_status":"closed","template":"","meta":{"footnotes":""},"class_list":["post-40","page","type-page","status-publish","hentry"],"_links":{"self":[{"href":"https:\/\/sudolux.be\/index.php\/wp-json\/wp\/v2\/pages\/40","targetHints":{"allow":["GET"]}}],"collection":[{"href":"https:\/\/sudolux.be\/index.php\/wp-json\/wp\/v2\/pages"}],"about":[{"href":"https:\/\/sudolux.be\/index.php\/wp-json\/wp\/v2\/types\/page"}],"author":[{"embeddable":true,"href":"https:\/\/sudolux.be\/index.php\/wp-json\/wp\/v2\/users\/1"}],"replies":[{"embeddable":true,"href":"https:\/\/sudolux.be\/index.php\/wp-json\/wp\/v2\/comments?post=40"}],"version-history":[{"count":74,"href":"https:\/\/sudolux.be\/index.php\/wp-json\/wp\/v2\/pages\/40\/revisions"}],"predecessor-version":[{"id":1731,"href":"https:\/\/sudolux.be\/index.php\/wp-json\/wp\/v2\/pages\/40\/revisions\/1731"}],"wp:attachment":[{"href":"https:\/\/sudolux.be\/index.php\/wp-json\/wp\/v2\/media?parent=40"}],"curies":[{"name":"wp","href":"https:\/\/api.w.org\/{rel}","templated":true}]}}