{"id":38,"date":"2017-01-02T16:04:01","date_gmt":"2017-01-02T15:04:01","guid":{"rendered":"http:\/\/sudolux.be\/?page_id=38"},"modified":"2025-11-24T14:49:00","modified_gmt":"2025-11-24T13:49:00","slug":"a-propos","status":"publish","type":"page","link":"https:\/\/sudolux.be\/index.php\/a-propos\/","title":{"rendered":"A Propos"},"content":{"rendered":"<h2><span style=\"color: #008000;\"><strong><span style=\"color: #008000;\">1. Constitution du Comit\u00e9.<\/span><br \/>\n<\/strong><\/span><br \/>\nLe Comit\u00e9 \u00abSud O Lux \u00bb est constitu\u00e9 \u00e0 ce jour de<\/h2>\n<ul>\n<li>Val\u00e9rie VIS-CASTAGNE, <em>pr\u00e9sidente\u00a0<\/em><\/li>\n<li>Vivien THIRY, <em>secr\u00e9taire &#8211; responsable informatique \u00ab\u00a0courses\u00a0\u00bb &#8211; cartographe &#8211; traceur<br \/>\n<\/em><\/li>\n<li>Bernard RONGVAUX, <em>tr\u00e9sorier &#8211; traceur &#8211; cartographe &#8211; webmaster<br \/>\n<\/em><\/li>\n<li>Iwan VIS, <em>cartographe &#8211; traceur<br \/>\n<\/em><\/li>\n<li>Jean-No\u00ebl DEBEHOGNE,\u00a0<em> traceur &#8211; v\u00e9rificateur<br \/>\n<\/em><\/li>\n<li>Marc DEPAUE, <em>membre<\/em><\/li>\n<li>S\u00e9bastien DAUNE, membre<\/li>\n<\/ul>\n<h2 style=\"text-align: left;\"><span style=\"color: #008000;\"><strong>2. Objectifs du Sud O Lux :<\/strong><\/span><\/h2>\n<ul>\n<li>\n<p style=\"text-align: left;\">d\u00e9velopper les sports d\u2019orientation dans le Sud de la Province de Luxembourg, dans le p\u00e9rim\u00e8tre Arlon-Martelange-Bastogne-Neufch\u00e2teau-Libramont-Bertrix-Herbeumont-Florenville-Virton-Athus;<\/p>\n<\/li>\n<li>rassembler un maximum de pratiquants de la r\u00e9gion qui adh\u00e8rent au Sud O Lux : des jeunes et des moins jeunes, des d\u00e9butants et des exp\u00e9riment\u00e9s, des pratiquants \u00ab loisir \u00bb et des comp\u00e9titeurs, des familles, des groupes d\u2019amis ou de coll\u00e8gues, des \u00e9l\u00e8ves, des \u00e9tudiants, etc\u2026<\/li>\n<\/ul>\n<ul>\n<li>organiser des activit\u00e9s locales de proximit\u00e9,\u00a0 en soignant particuli\u00e8rement l\u2019accueil des nouveaux et l\u2019encadrement des d\u00e9butants;<\/li>\n<\/ul>\n<ul>\n<li>prendre part aux \u00e9preuves d\u2019orientation organis\u00e9es dans la r\u00e9gion du Sud Luxembourg ou plus loin en Belgique ou \u00e0 l\u2019\u00e9tranger;<\/li>\n<\/ul>\n<ul>\n<li>faire connaitre le SUD O LUX \u00ab tous azimuts \u00bb dans le Sud Luxembourg (media, \u00e9coles, unit\u00e9s militaires, communes, DNF, \u2026) en vue de d\u00e9velopper les activit\u00e9s et de multiplier les affiliations;<\/li>\n<\/ul>\n<ul>\n<li>entretenir le patrimoine cartographique;<\/li>\n<\/ul>\n<ul>\n<li>D\u00e9velopper des synergies avec les clubs proches et notamment avec le <em><strong>Luxembourg Orienteering Club<br \/>\n<\/strong><\/em>(LuxOC &#8211;\u00a0 <a href=\"http:\/\/www.orienteering.lu\">http:\/\/www.orienteering.lu<\/a> )<br \/>\n<img loading=\"lazy\" decoding=\"async\" class=\"alignnone  wp-image-257\" src=\"https:\/\/sudolux.be\/wp-content\/uploads\/2017\/01\/logo-LUX-300x85.jpg\" alt=\"\" width=\"205\" height=\"58\" srcset=\"https:\/\/sudolux.be\/wp-content\/uploads\/2017\/01\/logo-LUX-300x85.jpg 300w, https:\/\/sudolux.be\/wp-content\/uploads\/2017\/01\/logo-LUX-250x71.jpg 250w, https:\/\/sudolux.be\/wp-content\/uploads\/2017\/01\/logo-LUX-150x42.jpg 150w, https:\/\/sudolux.be\/wp-content\/uploads\/2017\/01\/logo-LUX.jpg 530w\" sizes=\"auto, (max-width: 205px) 100vw, 205px\" \/><\/li>\n<\/ul>\n<p><img loading=\"lazy\" decoding=\"async\" class=\"size-medium wp-image-20 aligncenter\" src=\"https:\/\/sudolux.be\/wp-content\/uploads\/2017\/01\/P1010993-300x225.jpg\" alt=\"\" width=\"300\" height=\"225\" srcset=\"https:\/\/sudolux.be\/wp-content\/uploads\/2017\/01\/P1010993-300x225.jpg 300w, https:\/\/sudolux.be\/wp-content\/uploads\/2017\/01\/P1010993-768x576.jpg 768w, https:\/\/sudolux.be\/wp-content\/uploads\/2017\/01\/P1010993-1024x768.jpg 1024w, https:\/\/sudolux.be\/wp-content\/uploads\/2017\/01\/P1010993-200x150.jpg 200w, https:\/\/sudolux.be\/wp-content\/uploads\/2017\/01\/P1010993-150x113.jpg 150w, https:\/\/sudolux.be\/wp-content\/uploads\/2017\/01\/P1010993.jpg 2048w\" sizes=\"auto, (max-width: 300px) 100vw, 300px\" \/><\/p>\n","protected":false},"excerpt":{"rendered":"<p>1. Constitution du Comit\u00e9. Le Comit\u00e9 \u00abSud O Lux \u00bb est constitu\u00e9 \u00e0 ce jour de Val\u00e9rie VIS-CASTAGNE, pr\u00e9sidente\u00a0 Vivien THIRY, secr\u00e9taire &#8211; responsable informatique \u00ab\u00a0courses\u00a0\u00bb &#8211; cartographe &#8211; traceur Bernard RONGVAUX, tr\u00e9sorier &#8211; traceur &#8211; cartographe &#8211; webmaster Iwan VIS, cartographe &#8211; traceur Jean-No\u00ebl DEBEHOGNE,\u00a0 traceur &#8211; v\u00e9rificateur Marc&#8230; <a class=\"continue-reading-link\" href=\"https:\/\/sudolux.be\/index.php\/a-propos\/\"> Continue reading <span class=\"meta-nav\">&rarr; <\/span><\/a><\/p>\n","protected":false},"author":1,"featured_media":0,"parent":0,"menu_order":0,"comment_status":"closed","ping_status":"closed","template":"","meta":{"footnotes":""},"class_list":["post-38","page","type-page","status-publish","hentry"],"_links":{"self":[{"href":"https:\/\/sudolux.be\/index.php\/wp-json\/wp\/v2\/pages\/38","targetHints":{"allow":["GET"]}}],"collection":[{"href":"https:\/\/sudolux.be\/index.php\/wp-json\/wp\/v2\/pages"}],"about":[{"href":"https:\/\/sudolux.be\/index.php\/wp-json\/wp\/v2\/types\/page"}],"author":[{"embeddable":true,"href":"https:\/\/sudolux.be\/index.php\/wp-json\/wp\/v2\/users\/1"}],"replies":[{"embeddable":true,"href":"https:\/\/sudolux.be\/index.php\/wp-json\/wp\/v2\/comments?post=38"}],"version-history":[{"count":18,"href":"https:\/\/sudolux.be\/index.php\/wp-json\/wp\/v2\/pages\/38\/revisions"}],"predecessor-version":[{"id":1691,"href":"https:\/\/sudolux.be\/index.php\/wp-json\/wp\/v2\/pages\/38\/revisions\/1691"}],"wp:attachment":[{"href":"https:\/\/sudolux.be\/index.php\/wp-json\/wp\/v2\/media?parent=38"}],"curies":[{"name":"wp","href":"https:\/\/api.w.org\/{rel}","templated":true}]}}