{"id":1216,"date":"2023-11-20T10:40:07","date_gmt":"2023-11-20T09:40:07","guid":{"rendered":"http:\/\/sudolux.be\/?page_id=1216"},"modified":"2023-11-21T17:09:34","modified_gmt":"2023-11-21T16:09:34","slug":"o2lux","status":"publish","type":"page","link":"https:\/\/sudolux.be\/index.php\/o2lux\/","title":{"rendered":"O2LUX"},"content":{"rendered":"\n<figure class=\"wp-block-image size-full is-resized\"><img loading=\"lazy\" decoding=\"async\" src=\"https:\/\/sudolux.be\/wp-content\/uploads\/2023\/11\/logo-projet-3bis.jpg\" alt=\"\" class=\"wp-image-1218\" width=\"233\" height=\"217\"\/><\/figure>\n\n\n<h3>Cr\u00e9ation d&rsquo;une nouvelle entit\u00e9 en novembre 2023 : Orientation aux 2 Luxembourg (Province et Grand-Duch\u00e9)<\/h3>\n<p>Une collaboration de 4 clubs : <strong>ASUB<\/strong> (cartes dans la Province) &#8211; <strong>Balise 10<\/strong> (centre de la Province) &#8211; <strong>SudOLux<\/strong> (sud de la Province) &#8211; <strong>LuxOC<\/strong> (Grand Duch\u00e9 de Luxembourg)<\/p>\n<p>&nbsp;<img loading=\"lazy\" decoding=\"async\" class=\"alignnone  wp-image-1183\" src=\"https:\/\/sudolux.be\/wp-content\/uploads\/2023\/11\/logo-ASUB-300x55.png\" alt=\"\" width=\"235\" height=\"43\" srcset=\"https:\/\/sudolux.be\/wp-content\/uploads\/2023\/11\/logo-ASUB-300x55.png 300w, https:\/\/sudolux.be\/wp-content\/uploads\/2023\/11\/logo-ASUB-250x46.png 250w, https:\/\/sudolux.be\/wp-content\/uploads\/2023\/11\/logo-ASUB-150x27.png 150w, https:\/\/sudolux.be\/wp-content\/uploads\/2023\/11\/logo-ASUB.png 675w\" sizes=\"auto, (max-width: 235px) 100vw, 235px\" \/>&nbsp; <img loading=\"lazy\" decoding=\"async\" class=\"alignnone  wp-image-1182\" src=\"https:\/\/sudolux.be\/wp-content\/uploads\/2023\/11\/logo-balise10.jpg\" alt=\"\" width=\"66\" height=\"88\" srcset=\"https:\/\/sudolux.be\/wp-content\/uploads\/2023\/11\/logo-balise10.jpg 195w, https:\/\/sudolux.be\/wp-content\/uploads\/2023\/11\/logo-balise10-113x150.jpg 113w\" sizes=\"auto, (max-width: 66px) 100vw, 66px\" \/> <img loading=\"lazy\" decoding=\"async\" class=\"alignnone size-full wp-image-668\" src=\"https:\/\/sudolux.be\/wp-content\/uploads\/2021\/09\/LOGO-cornes-petit.jpg\" alt=\"\" width=\"150\" height=\"95\"> <img loading=\"lazy\" decoding=\"async\" class=\"alignnone  wp-image-257\" src=\"https:\/\/sudolux.be\/wp-content\/uploads\/2017\/01\/logo-LUX-300x85.jpg\" alt=\"\" width=\"152\" height=\"43\" srcset=\"https:\/\/sudolux.be\/wp-content\/uploads\/2017\/01\/logo-LUX-300x85.jpg 300w, https:\/\/sudolux.be\/wp-content\/uploads\/2017\/01\/logo-LUX-250x71.jpg 250w, https:\/\/sudolux.be\/wp-content\/uploads\/2017\/01\/logo-LUX-150x42.jpg 150w, https:\/\/sudolux.be\/wp-content\/uploads\/2017\/01\/logo-LUX.jpg 530w\" sizes=\"auto, (max-width: 152px) 100vw, 152px\" \/>&nbsp;<\/p>\n\n\n<p> <strong>But <\/strong>: Associer les quatre clubs cit\u00e9s ci-dessus \u00e0 travers leurs r\u00e9sidents en Province de Luxembourg et au<br>Grand Duch\u00e9 pour mettre sur pied \u00e0 titre exp\u00e9rimental un calendrier d\u2019\u00e9preuves locales en 2024 dans<br>les Luxembourg, en visant la qualit\u00e9 technique (carte et circuits) <\/p>\n\n\n\n<p><\/p>\n\n\n<h4><strong>Modalit\u00e9s d\u2019organisation : au plus simple et efficace !<\/strong><\/h4>\n<ul>\n<li><strong>Dimanche matin<\/strong> si pas de RV national \u00e0 cette date : <strong>10.00 \u00e0 12.00<\/strong><\/li>\n<li><strong>Samedi<\/strong> <strong>apr\u00e8s-midi\u00a0<\/strong> : <strong>13.00 \u00e0 15.00<\/strong><\/li>\n<\/ul>\n<p>&#8211; Un circuit technique LONG (7 \u00e0 8 km maximum)<br \/>&#8211; Un circuit technique COURT (4 \u00e0 5 km maximum) <br \/>&#8211; Un circuit d\u00e9butant simple de niveau VERT (+- 3 km)<\/p>\n<p>o Id\u00e9alement le club organisateur pr\u00e9voit un moniteur pour l\u2019initiation des d\u00e9butants<br \/>o Possibilit\u00e9 de collation \u00e0 la discr\u00e9tion du club organisateur<br \/>o Utilisation de pointage \u00e9lectronique SportIDENT (fourni et g\u00e9r\u00e9 par le club organisateur)<br \/>o Vestiaires = voiture personnelle, sauf si infrastructure existante (possibilit\u00e9 de local en p\u00e9riode hivernale)<\/p>\n<p>\u00a0<\/p>\n<h4><strong>Modalit\u00e9s d\u2019inscription :<\/strong><\/h4>\n<p>o Secr\u00e9tariat \u00ab bonne franquette \u00bb<br \/>o Pr\u00e9-inscriptions souhait\u00e9es via O Punch jusque J-3 (<a href=\"https:\/\/www.opunch.org\" target=\"_blank\" rel=\"noopener\">https:\/\/www.opunch.org<\/a>)<br \/>o Cartes avec circuit pr\u00e9-imprim\u00e9 sur papier synth\u00e9tique pour les pr\u00e9-inscrits <br \/>o Carte vierge en papier normal (+ plastique de protection) avec circuit \u00e0 recopier pour<br \/>l\u2019inscrit sur place<\/p>\n<h4>o Tarif : <br \/>4 \u20ac pour les adultes <br \/>3 \u20ac pour les jeunes <br \/>+ 1 \u20ac pour un non affili\u00e9 ou pour un inscrit sur place<\/h4>\n<p>o Payement par facture pour les affili\u00e9s pr\u00e9-inscrits via le club<br \/>o Payement sur place pour les non affili\u00e9s et les inscrits sur place<\/p>\n<p>\u00a0<\/p>\n<h2><strong>Calendrier 2024 :<\/strong><\/h2>\n<p><em>o Pour \u00e9viter la for\u00eat durant les battues et la mise bas du gibier, on privil\u00e9giera les parcs ou<\/em><br \/><em>villes\/ villages durant ces p\u00e9riodes.<\/em><\/p>\n<p><strong>O2LUX# 1<\/strong>-dimanche 7 janvier 2024 \u2013 ASUB \u2013 Nolinfaing <br \/><strong>O2LUX# 2<\/strong>-samedi 20 janvier 2024 &#8211; SudOLux \u2013 Vlessart<br \/>\u00a0\u00a0\u00a0\u00a0 &#8211;<em>dimanche 4 f\u00e9vrier 2024 : Karrim\u2019Hoc Coureurs \u00e0 Louette<\/em><br \/><strong>O2LUX# 3<\/strong>-samedi 10 f\u00e9vrier 2024 : Sud O Lux \u2013 Virton Rabais <br \/><em>\u00a0\u00a0\u00a0\u00a0 -dimanche 11 f\u00e9vrier 2024 : Balise 10 \u2013 R\u00e9gionale \u00e0 Marche en Famenne<\/em><br \/><strong>O2LUX# 4<\/strong>-samedi 9 mars 2024 : Balise 10\u00a0 \u2013 for\u00eat Libramont<br \/><strong>O2LUX# 5<\/strong>-samedi 23 mars 2024 : Sud O Lux \u2013 Virton Croix-Rouge<br \/><strong>O2LUX# 6<\/strong>-dimanche 7 avril 2024 : ASUB &#8211; Herbeumont<br \/><strong>O2LUX# 7<\/strong>-samedi 20 avril 2024 : SudOLux \u2013 Les Loups Bleus Louft\u00e9mont<br \/><strong>O2LUX# 8<\/strong>-samedi 4 mai 2024 : Balise 10 \u2013 Bouillon City<br \/><strong>O2LUX# 9<\/strong>-dimanche 19 mai 2024 (Pentec\u00f4te) \u2013 ASUB \u2013 Baraque Fraiture<br \/><strong>O2LUX# 10<\/strong>-dimanche 2 juin 2024 \u2013 Balise 10 &#8211; For\u00eat Bertrix<br \/><strong>O2LUX# 11<\/strong>-dimanche 9 juin 2024 \u2013 LuxOC \u2013 Esch-sur-S\u00fbre City (apr\u00e8s-midi car \u00e9lections)<br \/><em>\u00a0\u00a0\u00a0 -dimanche 23 juin 2024 : Balise 10 \u2013 Nationale \u00e0 Daverdisse<\/em><br \/><em>\u00a0\u00a0\u00a0 -ve 28, sa 29 &amp; dimanche 30 juin 2024 \u2013 ASUB \u2013 3JB24 \u00e0 Saint L\u00e9ger<\/em><br \/><em>\u00a0\u00a0\u00a0 -samedi 31.08.2024 \u2013 Sud O Lux &#8211; Champ Belg Relais \u00e0 Virton<\/em><br \/><em>\u00a0\u00a0\u00a0 -dimanche 01.09.2024 \u2013 COLi\u00e8ge &#8211; Champ Belg Longue Distance \u00e0 Lagland<\/em><br \/><strong>O2LUX# 12<\/strong>-samedi 14 septembre 2024 \u2013 Sud O Lux \u2013 Taillis des Prussiens Suxy<br \/><strong>O2LUX# 13<\/strong>-samedi 21 septembre 2024 \u2013 ASUB \u2013 Bois du Beynert<br \/><strong>O2LUX# 14<\/strong>-dimanche 20 octobre 2024 \u2013 LuxOC \u2013\u00a0 Ettelbruck City<br \/><strong>O2LUX# 15<\/strong>-samedi 16 novembre 2024 \u2013 Sud O Lux \u2013 Virton City<br \/><strong>O2LUX# 16<\/strong>-samedi 30 novembre 2024 \u2013 Sud O Lux \u2013 Rabais Ethe<br \/><strong>O2LUX# 17<\/strong>-dimanche 15 d\u00e9cembre 2024 \u2013 LuxOC &#8211; Limpertsberg City<br \/><em>\u00a0\u00a0\u00a0\u00a0\u00a0\u00a0\u00a0\u00a0\u00a0\u00a0 Terrain de r\u00e9serve : ASUB- Citadelle de Montm\u00e9dy (F) (accessible toute l\u2019ann\u00e9e)<\/em><\/p>\n\n\n<div class=\"wp-block-image\"><figure class=\"aligncenter size-full\"><img loading=\"lazy\" decoding=\"async\" width=\"200\" height=\"200\" src=\"https:\/\/sudolux.be\/wp-content\/uploads\/2023\/11\/course-orientation.png\" alt=\"\" class=\"wp-image-1184\" srcset=\"https:\/\/sudolux.be\/wp-content\/uploads\/2023\/11\/course-orientation.png 200w, https:\/\/sudolux.be\/wp-content\/uploads\/2023\/11\/course-orientation-150x150.png 150w\" sizes=\"auto, (max-width: 200px) 100vw, 200px\" \/><\/figure><\/div>\n\n\n\n<p><\/p>\n","protected":false},"excerpt":{"rendered":"<p>Cr\u00e9ation d&rsquo;une nouvelle entit\u00e9 en novembre 2023 : Orientation aux 2 Luxembourg (Province et Grand-Duch\u00e9) Une collaboration de 4 clubs : ASUB (cartes dans la Province) &#8211; Balise 10 (centre de la Province) &#8211; SudOLux (sud de la Province) &#8211; LuxOC (Grand Duch\u00e9 de Luxembourg) &nbsp;&nbsp; &nbsp; But : Associer&#8230; <a class=\"continue-reading-link\" href=\"https:\/\/sudolux.be\/index.php\/o2lux\/\"> Continue reading <span class=\"meta-nav\">&rarr; <\/span><\/a><\/p>\n","protected":false},"author":1,"featured_media":0,"parent":0,"menu_order":0,"comment_status":"closed","ping_status":"closed","template":"","meta":{"footnotes":""},"class_list":["post-1216","page","type-page","status-publish","hentry"],"_links":{"self":[{"href":"https:\/\/sudolux.be\/index.php\/wp-json\/wp\/v2\/pages\/1216","targetHints":{"allow":["GET"]}}],"collection":[{"href":"https:\/\/sudolux.be\/index.php\/wp-json\/wp\/v2\/pages"}],"about":[{"href":"https:\/\/sudolux.be\/index.php\/wp-json\/wp\/v2\/types\/page"}],"author":[{"embeddable":true,"href":"https:\/\/sudolux.be\/index.php\/wp-json\/wp\/v2\/users\/1"}],"replies":[{"embeddable":true,"href":"https:\/\/sudolux.be\/index.php\/wp-json\/wp\/v2\/comments?post=1216"}],"version-history":[{"count":8,"href":"https:\/\/sudolux.be\/index.php\/wp-json\/wp\/v2\/pages\/1216\/revisions"}],"predecessor-version":[{"id":1233,"href":"https:\/\/sudolux.be\/index.php\/wp-json\/wp\/v2\/pages\/1216\/revisions\/1233"}],"wp:attachment":[{"href":"https:\/\/sudolux.be\/index.php\/wp-json\/wp\/v2\/media?parent=1216"}],"curies":[{"name":"wp","href":"https:\/\/api.w.org\/{rel}","templated":true}]}}